{"id":418,"date":"2022-11-04T11:05:42","date_gmt":"2022-11-04T11:05:42","guid":{"rendered":"https:\/\/claydondrillphp8.24livehost.com\/accueil\/"},"modified":"2023-08-07T14:00:44","modified_gmt":"2023-08-07T14:00:44","slug":"accueil","status":"publish","type":"page","link":"https:\/\/claydondrillphp8.24livehost.com\/fr\/","title":{"rendered":"Accueil"},"content":{"rendered":"\t\t<div data-elementor-type=\"wp-page\" data-elementor-id=\"418\" class=\"elementor elementor-418 elementor-26\">\n\t\t\t\t\t\t<section class=\"elementor-section elementor-top-section elementor-element elementor-element-58f3c592 hom_row  elementor-reverse-mobile elementor-section-boxed elementor-section-height-default elementor-section-height-default\" data-id=\"58f3c592\" data-element_type=\"section\">\n\t\t\t\t\t\t<div class=\"elementor-container elementor-column-gap-default\">\n\t\t\t\t\t<div class=\"elementor-column elementor-col-50 elementor-top-column elementor-element elementor-element-3c736c2d hom_txt\" data-id=\"3c736c2d\" data-element_type=\"column\">\n\t\t\t<div class=\"elementor-widget-wrap elementor-element-populated\">\n\t\t\t\t\t\t<div class=\"elementor-element elementor-element-515d1145 elementor-widget elementor-widget-heading\" data-id=\"515d1145\" data-element_type=\"widget\" data-widget_type=\"heading.default\">\n\t\t\t\t<div class=\"elementor-widget-container\">\n\t\t\t\t\t<h2 class=\"elementor-heading-title elementor-size-default\">Bienvenue sur le portail des partenaires<\/h2>\t\t\t\t<\/div>\n\t\t\t\t<\/div>\n\t\t\t\t<div class=\"elementor-element elementor-element-4cae5947 elementor-widget elementor-widget-text-editor\" data-id=\"4cae5947\" data-element_type=\"widget\" data-widget_type=\"text-editor.default\">\n\t\t\t\t<div class=\"elementor-widget-container\">\n\t\t\t\t\t\t\t\t\tIl s&#8217;agit d&#8217;une zone exclusivement r\u00e9serv\u00e9e \u00e0 l&#8217;usage des revendeurs, distributeurs et partenaires de Claydon. Veuillez utiliser votre identifiant Claydon Partner Portal (CPP) pour acc\u00e9der \u00e0 cette zone :\n<br><br>\nEn vous connectant ou en cr\u00e9ant un compte, vous confirmez que vous \u00eates d&#8217;accord avec nos conditions g\u00e9n\u00e9rales et notre d\u00e9claration de confidentialit\u00e9.\n<br><br>\nPour des raisons de s\u00e9curit\u00e9, lorsque vous avez termin\u00e9 votre session CPP, veuillez vous d\u00e9connecter et quitter votre navigateur web.\n<br><br>\nProbl\u00e8mes techniques pour acc\u00e9der au CPP ? Veuillez envoyer un courriel \u00e0 info@claydondrill.com ou appeler le +44 (0)1440 820327.\t\t\t\t\t\t\t\t<\/div>\n\t\t\t\t<\/div>\n\t\t\t\t\t<\/div>\n\t\t<\/div>\n\t\t\t\t<div class=\"elementor-column elementor-col-50 elementor-top-column elementor-element elementor-element-579081dc hm_btns\" data-id=\"579081dc\" data-element_type=\"column\">\n\t\t\t<div class=\"elementor-widget-wrap elementor-element-populated\">\n\t\t\t\t\t\t<div class=\"elementor-element elementor-element-68c5da0a elementor-view-default elementor-widget elementor-widget-icon\" data-id=\"68c5da0a\" data-element_type=\"widget\" data-widget_type=\"icon.default\">\n\t\t\t\t<div class=\"elementor-widget-container\">\n\t\t\t\t\t\t\t<div class=\"elementor-icon-wrapper\">\n\t\t\t<div class=\"elementor-icon\">\n\t\t\t<svg xmlns=\"http:\/\/www.w3.org\/2000\/svg\" xmlns:xlink=\"http:\/\/www.w3.org\/1999\/xlink\" xmlns:svgjs=\"http:\/\/svgjs.com\/svgjs\" width=\"512\" height=\"512\" x=\"0\" y=\"0\" viewBox=\"0 0 64 64\" style=\"enable-background:new 0 0 512 512\" xml:space=\"preserve\" class=\"\"><g><g><path d=\"m62 60h-6.585c.374-.652.561-1.39.514-2.153-.081-1.505-.229-3.799-.929-14.847 0-2.771-1.104-7.685-8.494-9.472-2.408-.586-8.506-2.324-8.506-4.798v-2.003c1.278-1.235 2.205-2.95 2.721-5.067 1.039-.412 2.279-1.545 2.279-3.993 0-.881-.186-1.503-.405-1.945.383-1.32.405-2.75.405-3.93 0-1.358-.306-3.316-1.135-4.782.748-1.37.461-2.81.447-2.88-.105-.507-.579-.851-1.095-.789-.021.002-2.025.226-4.283-.397-1.484-.627-3.143-.944-4.934-.944-3.638 0-5.851.86-7.324 2.864-1.822.867-3.676 3.082-3.676 6.136 0 2.969.001 3.639.384 4.766-.21.439-.384 1.048-.384 1.901 0 2.448 1.24 3.581 2.279 3.993.516 2.117 1.443 3.831 2.721 5.066v2.003c0 2.476-6.076 4.207-8.505 4.798-7.392 1.787-8.495 6.702-8.493 9.41-.75 11.854-.867 13.713-.93 14.901-.047.77.14 1.511.513 2.162h-6.585c-1.322 0-1.324 2 0 2h60c1.322 0 1.324-2 0-2zm-34-31.27v-.572c.927.538 1.698.842 4 .842 2.301 0 3.074-.304 4-.841v.571c0 .851.307 1.648.905 2.394-.95 1.756-2.809 2.871-4.908 2.876-.005 0-.01 0-.016 0-2.095 0-3.955-1.1-4.914-2.84.618-.756.933-1.566.933-2.43zm-2.295-22.134c.186-.075.346-.203.458-.369.727-1.078 1.838-2.227 5.837-2.227 1.531 0 2.994.283 4.23.817.333.143 2.086.554 4.109.563-.056.314-.179.668-.438.975-.302.358-.314.878-.03 1.25.776 1.018 1.129 2.883 1.129 4.187 0 .8-.012 1.664-.128 2.479-.175-.253-.357-.595-.537-.932-1.514-2.844-2.899-3.85-6.124-3.359-1.748.267-4.39.669-6.191-1.038-.502-.477-1.342-.31-1.612.343-1.035 2.502-2.091 4.077-3.335 4.976-.073-.597-.073-1.447-.073-3.261 0-2.182 1.36-3.867 2.705-4.404zm-1.472 13.261c-.206-.027-1.233-.266-1.233-2.19 0-.851.248-1.162.235-1.172 1.793-.879 3.215-2.528 4.503-5.268 2.326 1.408 5.052.992 6.776.729 1.996-.303 2.74-.152 4.057 2.322.521.979 1.103 2.072 2.238 2.332.085.174.191.501.191 1.057 0 1.924-1.027 2.163-1.211 2.188-.442.039-.807.364-.894.8-.528 2.64-1.671 4.483-3.396 5.479-1.054.627-1.316.866-3.499.866-2.177 0-2.441-.237-3.5-.866-1.725-.996-2.868-2.839-3.396-5.479-.083-.417-.449-.739-.871-.798zm-14.165 38.096c.073-1.363.229-3.819.932-14.953 0-3.823 2.408-6.426 6.966-7.528 3.375-.822 5.903-1.81 7.579-2.956 1.361 2.147 3.762 3.484 6.437 3.484h.021c2.673-.007 5.067-1.353 6.421-3.508 1.676 1.156 4.214 2.153 7.612 2.98 4.557 1.102 6.965 3.705 6.967 7.59.755 11.931.866 13.703.93 14.899.066 1.076-.805 2.039-1.933 2.039h-1.953l.881-19.387c.064-1.415-1.067-2.613-2.498-2.613-7.263 0-13.727 0-32.894 0-1.423 0-2.562 1.189-2.498 2.613l.882 19.387h-1.92c-1.108 0-2-.941-1.932-2.047zm5.854 2.047-.885-19.478c-.013-.281.213-.522.5-.522h32.894c.283 0 .513.237.5.522l-.887 19.478c-6.472 0-25.662 0-32.122 0z\" fill=\"#232331\" data-original=\"#000000\" class=\"\"><\/path><path d=\"m31.5 46c-1.125 0-2.235.39-3.123 1.098-.473.377-.481 1.182.001 1.565.713.566 1.122 1.418 1.122 2.337s-.409 1.771-1.122 2.337c-.48.38-.475 1.189-.001 1.565.888.708 1.998 1.098 3.123 1.098 2.757 0 5-2.243 5-5s-2.243-5-5-5zm-.901 7.855c.578-.826.901-1.813.901-2.855s-.323-2.029-.901-2.855c1.983-.629 3.901.879 3.901 2.855 0 1.974-1.917 3.484-3.901 2.855z\" fill=\"#232331\" data-original=\"#000000\" class=\"\"><\/path><\/g><\/g><\/svg>\t\t\t<\/div>\n\t\t<\/div>\n\t\t\t\t\t\t<\/div>\n\t\t\t\t<\/div>\n\t\t\t\t<div class=\"elementor-element elementor-element-5f06f003 elementor-widget elementor-widget-shortcode\" data-id=\"5f06f003\" data-element_type=\"widget\" data-widget_type=\"shortcode.default\">\n\t\t\t\t<div class=\"elementor-widget-container\">\n\t\t\t\t\t\t\t<div class=\"elementor-shortcode\"><div class=\"log_btns\">\n<a href=\"https:\/\/claydondrillphp8.24livehost.com\/fr\/\/login\/\">Login<\/a>\n<a href=\"https:\/\/claydondrillphp8.24livehost.com\/fr\/\/register\/\">Create an account<\/a>\n<\/div>\n<\/div>\n\t\t\t\t\t\t<\/div>\n\t\t\t\t<\/div>\n\t\t\t\t\t<\/div>\n\t\t<\/div>\n\t\t\t\t\t<\/div>\n\t\t<\/section>\n\t\t\t\t<\/div>\n\t\t","protected":false},"excerpt":{"rendered":"<p>Bienvenue sur le portail des partenaires Il s&#8217;agit d&#8217;une zone exclusivement r\u00e9serv\u00e9e \u00e0 l&#8217;usage des revendeurs, distributeurs et partenaires de Claydon. Please use your Claydon Partner Portal (CPP) log-in to access this area. En vous connectant ou en cr\u00e9ant un compte, vous confirmez que vous \u00eates d&#8217;accord avec nos conditions g\u00e9n\u00e9rales et notre d\u00e9claration de [&hellip;]<\/p>\n","protected":false},"author":1,"featured_media":806,"parent":0,"menu_order":0,"comment_status":"closed","ping_status":"closed","template":"","meta":{"footnotes":""},"class_list":["post-418","page","type-page","status-publish","has-post-thumbnail","hentry"],"yoast_head":"<!-- This site is optimized with the Yoast SEO plugin v27.0 - https:\/\/yoast.com\/product\/yoast-seo-wordpress\/ -->\n<title>Accueil - Claydon Portal<\/title>\n<meta name=\"robots\" content=\"noindex, follow, max-snippet:-1, max-image-preview:large, max-video-preview:-1\" \/>\n<meta property=\"og:locale\" content=\"fr_FR\" \/>\n<meta property=\"og:type\" content=\"article\" \/>\n<meta property=\"og:title\" content=\"Accueil - Claydon Portal\" \/>\n<meta property=\"og:description\" content=\"Bienvenue sur le portail des partenaires Il s&#8217;agit d&#8217;une zone exclusivement r\u00e9serv\u00e9e \u00e0 l&#8217;usage des revendeurs, distributeurs et partenaires de Claydon. Please use your Claydon Partner Portal (CPP) log-in to access this area. En vous connectant ou en cr\u00e9ant un compte, vous confirmez que vous \u00eates d&#8217;accord avec nos conditions g\u00e9n\u00e9rales et notre d\u00e9claration de [&hellip;]\" \/>\n<meta property=\"og:url\" content=\"https:\/\/claydondrillphp8.24livehost.com\/\" \/>\n<meta property=\"og:site_name\" content=\"Claydon Portal\" \/>\n<meta property=\"article:modified_time\" content=\"2023-08-07T14:00:44+00:00\" \/>\n<meta property=\"og:image\" content=\"https:\/\/claydondrillphp8.24livehost.com\/wp-content\/uploads\/2023\/04\/ftr.png\" \/>\n\t<meta property=\"og:image:width\" content=\"1000\" \/>\n\t<meta property=\"og:image:height\" content=\"500\" \/>\n\t<meta property=\"og:image:type\" content=\"image\/png\" \/>\n<meta name=\"twitter:card\" content=\"summary_large_image\" \/>\n<script type=\"application\/ld+json\" class=\"yoast-schema-graph\">{\"@context\":\"https:\/\/schema.org\",\"@graph\":[{\"@type\":\"WebPage\",\"@id\":\"https:\/\/claydondrillphp8.24livehost.com\/\",\"url\":\"https:\/\/claydondrillphp8.24livehost.com\/\",\"name\":\"Accueil - Claydon Portal\",\"isPartOf\":{\"@id\":\"https:\/\/claydondrillphp8.24livehost.com\/#website\"},\"primaryImageOfPage\":{\"@id\":\"https:\/\/claydondrillphp8.24livehost.com\/#primaryimage\"},\"image\":{\"@id\":\"https:\/\/claydondrillphp8.24livehost.com\/#primaryimage\"},\"thumbnailUrl\":\"https:\/\/claydondrillphp8.24livehost.com\/wp-content\/uploads\/2023\/04\/ftr.png\",\"datePublished\":\"2022-11-04T11:05:42+00:00\",\"dateModified\":\"2023-08-07T14:00:44+00:00\",\"breadcrumb\":{\"@id\":\"https:\/\/claydondrillphp8.24livehost.com\/#breadcrumb\"},\"inLanguage\":\"fr-FR\",\"potentialAction\":[{\"@type\":\"ReadAction\",\"target\":[\"https:\/\/claydondrillphp8.24livehost.com\/\"]}]},{\"@type\":\"ImageObject\",\"inLanguage\":\"fr-FR\",\"@id\":\"https:\/\/claydondrillphp8.24livehost.com\/#primaryimage\",\"url\":\"https:\/\/claydondrillphp8.24livehost.com\/wp-content\/uploads\/2023\/04\/ftr.png\",\"contentUrl\":\"https:\/\/claydondrillphp8.24livehost.com\/wp-content\/uploads\/2023\/04\/ftr.png\",\"width\":1000,\"height\":500},{\"@type\":\"BreadcrumbList\",\"@id\":\"https:\/\/claydondrillphp8.24livehost.com\/#breadcrumb\",\"itemListElement\":[{\"@type\":\"ListItem\",\"position\":1,\"name\":\"Home\",\"item\":\"https:\/\/claydondrillphp8.24livehost.com\/\"},{\"@type\":\"ListItem\",\"position\":2,\"name\":\"Accueil\"}]},{\"@type\":\"WebSite\",\"@id\":\"https:\/\/claydondrillphp8.24livehost.com\/#website\",\"url\":\"https:\/\/claydondrillphp8.24livehost.com\/\",\"name\":\"Claydon Portal\",\"description\":\"\",\"publisher\":{\"@id\":\"https:\/\/claydondrillphp8.24livehost.com\/#organization\"},\"potentialAction\":[{\"@type\":\"SearchAction\",\"target\":{\"@type\":\"EntryPoint\",\"urlTemplate\":\"https:\/\/claydondrillphp8.24livehost.com\/?s={search_term_string}\"},\"query-input\":{\"@type\":\"PropertyValueSpecification\",\"valueRequired\":true,\"valueName\":\"search_term_string\"}}],\"inLanguage\":\"fr-FR\"},{\"@type\":\"Organization\",\"@id\":\"https:\/\/claydondrillphp8.24livehost.com\/#organization\",\"name\":\"Claydon Portal\",\"url\":\"https:\/\/claydondrillphp8.24livehost.com\/\",\"logo\":{\"@type\":\"ImageObject\",\"inLanguage\":\"fr-FR\",\"@id\":\"https:\/\/claydondrillphp8.24livehost.com\/#\/schema\/logo\/image\/\",\"url\":\"https:\/\/claydondrillphp8.24livehost.com\/wp-content\/uploads\/2023\/04\/cropped-fav.png\",\"contentUrl\":\"https:\/\/claydondrillphp8.24livehost.com\/wp-content\/uploads\/2023\/04\/cropped-fav.png\",\"width\":85,\"height\":85,\"caption\":\"Claydon Portal\"},\"image\":{\"@id\":\"https:\/\/claydondrillphp8.24livehost.com\/#\/schema\/logo\/image\/\"}}]}<\/script>\n<!-- \/ Yoast SEO plugin. -->","yoast_head_json":{"title":"Accueil - Claydon Portal","robots":{"index":"noindex","follow":"follow","max-snippet":"max-snippet:-1","max-image-preview":"max-image-preview:large","max-video-preview":"max-video-preview:-1"},"og_locale":"fr_FR","og_type":"article","og_title":"Accueil - Claydon Portal","og_description":"Bienvenue sur le portail des partenaires Il s&#8217;agit d&#8217;une zone exclusivement r\u00e9serv\u00e9e \u00e0 l&#8217;usage des revendeurs, distributeurs et partenaires de Claydon. Please use your Claydon Partner Portal (CPP) log-in to access this area. En vous connectant ou en cr\u00e9ant un compte, vous confirmez que vous \u00eates d&#8217;accord avec nos conditions g\u00e9n\u00e9rales et notre d\u00e9claration de [&hellip;]","og_url":"https:\/\/claydondrillphp8.24livehost.com\/","og_site_name":"Claydon Portal","article_modified_time":"2023-08-07T14:00:44+00:00","og_image":[{"width":1000,"height":500,"url":"https:\/\/claydondrillphp8.24livehost.com\/wp-content\/uploads\/2023\/04\/ftr.png","type":"image\/png"}],"twitter_card":"summary_large_image","schema":{"@context":"https:\/\/schema.org","@graph":[{"@type":"WebPage","@id":"https:\/\/claydondrillphp8.24livehost.com\/","url":"https:\/\/claydondrillphp8.24livehost.com\/","name":"Accueil - Claydon Portal","isPartOf":{"@id":"https:\/\/claydondrillphp8.24livehost.com\/#website"},"primaryImageOfPage":{"@id":"https:\/\/claydondrillphp8.24livehost.com\/#primaryimage"},"image":{"@id":"https:\/\/claydondrillphp8.24livehost.com\/#primaryimage"},"thumbnailUrl":"https:\/\/claydondrillphp8.24livehost.com\/wp-content\/uploads\/2023\/04\/ftr.png","datePublished":"2022-11-04T11:05:42+00:00","dateModified":"2023-08-07T14:00:44+00:00","breadcrumb":{"@id":"https:\/\/claydondrillphp8.24livehost.com\/#breadcrumb"},"inLanguage":"fr-FR","potentialAction":[{"@type":"ReadAction","target":["https:\/\/claydondrillphp8.24livehost.com\/"]}]},{"@type":"ImageObject","inLanguage":"fr-FR","@id":"https:\/\/claydondrillphp8.24livehost.com\/#primaryimage","url":"https:\/\/claydondrillphp8.24livehost.com\/wp-content\/uploads\/2023\/04\/ftr.png","contentUrl":"https:\/\/claydondrillphp8.24livehost.com\/wp-content\/uploads\/2023\/04\/ftr.png","width":1000,"height":500},{"@type":"BreadcrumbList","@id":"https:\/\/claydondrillphp8.24livehost.com\/#breadcrumb","itemListElement":[{"@type":"ListItem","position":1,"name":"Home","item":"https:\/\/claydondrillphp8.24livehost.com\/"},{"@type":"ListItem","position":2,"name":"Accueil"}]},{"@type":"WebSite","@id":"https:\/\/claydondrillphp8.24livehost.com\/#website","url":"https:\/\/claydondrillphp8.24livehost.com\/","name":"Claydon Portal","description":"","publisher":{"@id":"https:\/\/claydondrillphp8.24livehost.com\/#organization"},"potentialAction":[{"@type":"SearchAction","target":{"@type":"EntryPoint","urlTemplate":"https:\/\/claydondrillphp8.24livehost.com\/?s={search_term_string}"},"query-input":{"@type":"PropertyValueSpecification","valueRequired":true,"valueName":"search_term_string"}}],"inLanguage":"fr-FR"},{"@type":"Organization","@id":"https:\/\/claydondrillphp8.24livehost.com\/#organization","name":"Claydon Portal","url":"https:\/\/claydondrillphp8.24livehost.com\/","logo":{"@type":"ImageObject","inLanguage":"fr-FR","@id":"https:\/\/claydondrillphp8.24livehost.com\/#\/schema\/logo\/image\/","url":"https:\/\/claydondrillphp8.24livehost.com\/wp-content\/uploads\/2023\/04\/cropped-fav.png","contentUrl":"https:\/\/claydondrillphp8.24livehost.com\/wp-content\/uploads\/2023\/04\/cropped-fav.png","width":85,"height":85,"caption":"Claydon Portal"},"image":{"@id":"https:\/\/claydondrillphp8.24livehost.com\/#\/schema\/logo\/image\/"}}]}},"_links":{"self":[{"href":"https:\/\/claydondrillphp8.24livehost.com\/fr\/wp-json\/wp\/v2\/pages\/418","targetHints":{"allow":["GET"]}}],"collection":[{"href":"https:\/\/claydondrillphp8.24livehost.com\/fr\/wp-json\/wp\/v2\/pages"}],"about":[{"href":"https:\/\/claydondrillphp8.24livehost.com\/fr\/wp-json\/wp\/v2\/types\/page"}],"author":[{"embeddable":true,"href":"https:\/\/claydondrillphp8.24livehost.com\/fr\/wp-json\/wp\/v2\/users\/1"}],"replies":[{"embeddable":true,"href":"https:\/\/claydondrillphp8.24livehost.com\/fr\/wp-json\/wp\/v2\/comments?post=418"}],"version-history":[{"count":10,"href":"https:\/\/claydondrillphp8.24livehost.com\/fr\/wp-json\/wp\/v2\/pages\/418\/revisions"}],"predecessor-version":[{"id":805,"href":"https:\/\/claydondrillphp8.24livehost.com\/fr\/wp-json\/wp\/v2\/pages\/418\/revisions\/805"}],"wp:featuredmedia":[{"embeddable":true,"href":"https:\/\/claydondrillphp8.24livehost.com\/fr\/wp-json\/wp\/v2\/media\/806"}],"wp:attachment":[{"href":"https:\/\/claydondrillphp8.24livehost.com\/fr\/wp-json\/wp\/v2\/media?parent=418"}],"curies":[{"name":"wp","href":"https:\/\/api.w.org\/{rel}","templated":true}]}}